{"id":4546,"date":"2023-11-06T16:40:27","date_gmt":"2023-11-06T15:40:27","guid":{"rendered":"https:\/\/nathanbrami.com\/intro\/"},"modified":"2024-01-19T12:34:26","modified_gmt":"2024-01-19T11:34:26","slug":"intro","status":"publish","type":"page","link":"https:\/\/nathanbrami.com\/en\/","title":{"rendered":"Intro"},"content":{"rendered":"\t\t<div data-elementor-type=\"wp-page\" data-elementor-id=\"4546\" class=\"elementor elementor-4546 elementor-1122\" data-elementor-post-type=\"page\">\n\t\t\t\t<div class=\"elementor-element elementor-element-7258d4e e-con-full e-flex e-con e-parent\" data-id=\"7258d4e\" data-element_type=\"container\" data-settings=\"{&quot;background_background&quot;:&quot;classic&quot;}\" data-core-v316-plus=\"true\">\n\t\t<div class=\"elementor-element elementor-element-bdef27d e-con-full e-flex e-con e-child\" data-id=\"bdef27d\" data-element_type=\"container\">\n\t\t\t\t<div class=\"elementor-element elementor-element-bff335a elementor-widget elementor-widget-image\" data-id=\"bff335a\" data-element_type=\"widget\" data-widget_type=\"image.default\">\n\t\t\t\t<div class=\"elementor-widget-container\">\n\t\t\t<style>\/*! elementor - v3.20.0 - 26-03-2024 *\/\n.elementor-widget-image{text-align:center}.elementor-widget-image a{display:inline-block}.elementor-widget-image a img[src$=\".svg\"]{width:48px}.elementor-widget-image img{vertical-align:middle;display:inline-block}<\/style>\t\t\t\t\t\t\t\t\t\t<img fetchpriority=\"high\" decoding=\"async\" width=\"479\" height=\"733\" src=\"https:\/\/nathanbrami.com\/wp-content\/uploads\/2023\/11\/72BC-7.jpg\" class=\"attachment-large size-large wp-image-1058\" alt=\"\" srcset=\"https:\/\/nathanbrami.com\/wp-content\/uploads\/2023\/11\/72BC-7.jpg 479w, https:\/\/nathanbrami.com\/wp-content\/uploads\/2023\/11\/72BC-7-196x300.jpg 196w\" sizes=\"(max-width: 479px) 100vw, 479px\" \/>\t\t\t\t\t\t\t\t\t\t\t\t\t<\/div>\n\t\t\t\t<\/div>\n\t\t\t\t<div class=\"elementor-element elementor-element-69a7d9b elementor-widget elementor-widget-text-editor\" data-id=\"69a7d9b\" data-element_type=\"widget\" data-widget_type=\"text-editor.default\">\n\t\t\t\t<div class=\"elementor-widget-container\">\n\t\t\t<style>\/*! elementor - v3.20.0 - 26-03-2024 *\/\n.elementor-widget-text-editor.elementor-drop-cap-view-stacked .elementor-drop-cap{background-color:#69727d;color:#fff}.elementor-widget-text-editor.elementor-drop-cap-view-framed .elementor-drop-cap{color:#69727d;border:3px solid;background-color:transparent}.elementor-widget-text-editor:not(.elementor-drop-cap-view-default) .elementor-drop-cap{margin-top:8px}.elementor-widget-text-editor:not(.elementor-drop-cap-view-default) .elementor-drop-cap-letter{width:1em;height:1em}.elementor-widget-text-editor .elementor-drop-cap{float:left;text-align:center;line-height:1;font-size:50px}.elementor-widget-text-editor .elementor-drop-cap-letter{display:inline-block}<\/style>\t\t\t\t<p><a href=\"https:\/\/nathanbrami.com\/en\/home\/\">fr<\/a> \/ <a href=\"https:\/\/nathanbrami.com\/en\/home\/\">en<\/a><\/p>\n\t\t\t\t\t\t<\/div>\n\t\t\t\t<\/div>\n\t\t\t\t<\/div>\n\t\t\t\t<\/div>\n\t\t<div class=\"elementor-element elementor-element-0d33bc5 classe-fond elementor-hidden-desktop elementor-hidden-tablet elementor-hidden-mobile e-flex e-con-boxed e-con e-parent\" data-id=\"0d33bc5\" data-element_type=\"container\" data-settings=\"{&quot;background_background&quot;:&quot;classic&quot;}\" data-core-v316-plus=\"true\">\n\t\t\t\t\t<div class=\"e-con-inner\">\n\t\t\t\t<div class=\"elementor-element elementor-element-d83f89d elementor-widget elementor-widget-html\" data-id=\"d83f89d\" data-element_type=\"widget\" data-widget_type=\"html.default\">\n\t\t\t\t<div class=\"elementor-widget-container\">\n\t\t\t<script>\r\ndocument.addEventListener('DOMContentLoaded', function() {\r\n  \/\/ Ajoutez un \u00e9couteur d'\u00e9v\u00e9nements au clic sur n'importe quel \u00e9l\u00e9ment de la page\r\n  document.addEventListener('click', function() {\r\n    \/\/ Redirigez vers la page d'accueil\r\n    window.location.href = '\/accueil';\r\n  });\r\n  \/*setTimeout(function(){\r\n      window.location.href = '\/accueil'; \r\n    }, 3000);*\/\r\n});\r\n\r\n\/*document.addEventListener('DOMContentLoaded', function() {\r\n  const texteAuCentre = document.querySelector('.classe-texte');\r\n  const fondBlanc = document.querySelector('.classe-fond');\r\n  const fondBlanc2 = document.querySelector('.classe-fond-2');\r\n  const i = document.querySelector('.classe-texte span.anime');\r\n  const bram = document.querySelector('.classe-texte span.bram');\r\n\r\n  \/\/ Assuming you have a button with the id \"redirectButton\"\r\n  const redirectButton = document.getElementById('redirectButton');\r\n\r\n  \/\/ Add a click event listener to the button\r\n  redirectButton.addEventListener('click', function() {\r\n    \/\/ jQuery is not needed for simple operations like fading out, so you can use vanilla JavaScript\r\n    jQuery('#Bram').fadeOut('slow', function() {\r\n      \/\/ Redirect after the fading out animation is complete\r\n      window.location.href = '\/accueil';\r\n    });\r\n  });\r\n});\r\n*\/\r\n\r\n    \r\n  \/*document.addEventListener('click', function(event) {\r\n      \r\n    \/\/ ARCHITECTURE\r\n    setTimeout(function(){\r\n    fondBlanc2.style.maxHeight = '10px';\r\n    fondBlanc2.style.transform = 'translateY(-100px)';\r\n    }, 1000);\r\n    \r\n    \/\/NATHAN\r\n      setTimeout(function(){\r\n    fondBlanc.style.marginRight = \"0\";\r\n    fondBlanc.style.maxWidth = \"0\";\r\n    fondBlanc.style.transform = 'translateX(-100px)';\r\n    fondBlanc2.style.display = 'none';\r\n        \r\n    }, 1500);\r\n    \r\n    \/\/ BRAM\r\n    setTimeout(function(){\r\n    texteAuCentre.style.top = '0'\r\n    texteAuCentre.style.marginTop = '70px'\r\n    \r\n    }, 2000);\r\n    \r\n    \/\/ i\r\n    setTimeout(function(){\r\n    i.style.transform = 'rotateX(0deg)';\r\n    }, 2500);\r\n    \r\n    \/\/ Redirection vers la page d'accueil apr\u00e8s l'animation\r\n    setTimeout(function(){\r\n      window.location.href = '\/accueil'; \r\n    }, 2800); \/\/ Ajustez ce d\u00e9lai en fonction de la dur\u00e9e de votre animation\r\n  });*\/\r\n<\/script>\r\n\t\t<\/div>\n\t\t\t\t<\/div>\n\t\t\t\t\t<\/div>\n\t\t\t\t<\/div>\n\t\t\t\t<\/div>\n\t\t","protected":false},"excerpt":{"rendered":"<p>fr \/ en<\/p>\n","protected":false},"author":1,"featured_media":0,"parent":0,"menu_order":0,"comment_status":"closed","ping_status":"closed","template":"elementor_canvas","meta":{"footnotes":""},"acf":[],"yoast_head":"<!-- This site is optimized with the Yoast SEO plugin v22.4 - https:\/\/yoast.com\/wordpress\/plugins\/seo\/ -->\n<title>Nathan Brami Architecture - Intro<\/title>\n<meta name=\"robots\" content=\"index, follow, max-snippet:-1, max-image-preview:large, max-video-preview:-1\" \/>\n<link rel=\"canonical\" href=\"https:\/\/nathanbrami.com\/\" \/>\n<meta property=\"og:locale\" content=\"en_US\" \/>\n<meta property=\"og:type\" content=\"article\" \/>\n<meta property=\"og:title\" content=\"Nathan Brami Architecture - Intro\" \/>\n<meta property=\"og:description\" content=\"fr \/ en\" \/>\n<meta property=\"og:url\" content=\"https:\/\/nathanbrami.com\/\" \/>\n<meta property=\"og:site_name\" content=\"Nathan Brami Architecture\" \/>\n<meta property=\"article:modified_time\" content=\"2024-01-19T11:34:26+00:00\" \/>\n<meta property=\"og:image\" content=\"http:\/\/nathanbrami.com\/wp-content\/uploads\/2023\/11\/72BC-7.jpg\" \/>\n<meta name=\"twitter:card\" content=\"summary_large_image\" \/>\n<script type=\"application\/ld+json\" class=\"yoast-schema-graph\">{\"@context\":\"https:\/\/schema.org\",\"@graph\":[{\"@type\":\"WebPage\",\"@id\":\"https:\/\/nathanbrami.com\/\",\"url\":\"https:\/\/nathanbrami.com\/\",\"name\":\"Nathan Brami Architecture - Intro\",\"isPartOf\":{\"@id\":\"https:\/\/nathanbrami.com\/#website\"},\"primaryImageOfPage\":{\"@id\":\"https:\/\/nathanbrami.com\/#primaryimage\"},\"image\":{\"@id\":\"https:\/\/nathanbrami.com\/#primaryimage\"},\"thumbnailUrl\":\"http:\/\/nathanbrami.com\/wp-content\/uploads\/2023\/11\/72BC-7.jpg\",\"datePublished\":\"2023-11-06T15:40:27+00:00\",\"dateModified\":\"2024-01-19T11:34:26+00:00\",\"breadcrumb\":{\"@id\":\"https:\/\/nathanbrami.com\/#breadcrumb\"},\"inLanguage\":\"en-US\",\"potentialAction\":[{\"@type\":\"ReadAction\",\"target\":[\"https:\/\/nathanbrami.com\/\"]}]},{\"@type\":\"ImageObject\",\"inLanguage\":\"en-US\",\"@id\":\"https:\/\/nathanbrami.com\/#primaryimage\",\"url\":\"http:\/\/nathanbrami.com\/wp-content\/uploads\/2023\/11\/72BC-7.jpg\",\"contentUrl\":\"http:\/\/nathanbrami.com\/wp-content\/uploads\/2023\/11\/72BC-7.jpg\"},{\"@type\":\"BreadcrumbList\",\"@id\":\"https:\/\/nathanbrami.com\/#breadcrumb\",\"itemListElement\":[{\"@type\":\"ListItem\",\"position\":1,\"name\":\"Accueil\",\"item\":\"https:\/\/nathanbrami.com\/\"},{\"@type\":\"ListItem\",\"position\":2,\"name\":\"Intro\"}]},{\"@type\":\"WebSite\",\"@id\":\"https:\/\/nathanbrami.com\/#website\",\"url\":\"https:\/\/nathanbrami.com\/\",\"name\":\"Nathan Brami Architecture\",\"description\":\"Official website\",\"publisher\":{\"@id\":\"https:\/\/nathanbrami.com\/#organization\"},\"potentialAction\":[{\"@type\":\"SearchAction\",\"target\":{\"@type\":\"EntryPoint\",\"urlTemplate\":\"https:\/\/nathanbrami.com\/?s={search_term_string}\"},\"query-input\":\"required name=search_term_string\"}],\"inLanguage\":\"en-US\"},{\"@type\":\"Organization\",\"@id\":\"https:\/\/nathanbrami.com\/#organization\",\"name\":\"Nathan Brami Architecture\",\"url\":\"https:\/\/nathanbrami.com\/\",\"logo\":{\"@type\":\"ImageObject\",\"inLanguage\":\"en-US\",\"@id\":\"https:\/\/nathanbrami.com\/#\/schema\/logo\/image\/\",\"url\":\"https:\/\/nathanbrami.com\/wp-content\/uploads\/2024\/04\/cropped-favicon-3.png\",\"contentUrl\":\"https:\/\/nathanbrami.com\/wp-content\/uploads\/2024\/04\/cropped-favicon-3.png\",\"width\":512,\"height\":512,\"caption\":\"Nathan Brami Architecture\"},\"image\":{\"@id\":\"https:\/\/nathanbrami.com\/#\/schema\/logo\/image\/\"}}]}<\/script>\n<!-- \/ Yoast SEO plugin. -->","yoast_head_json":{"title":"Nathan Brami Architecture - Intro","robots":{"index":"index","follow":"follow","max-snippet":"max-snippet:-1","max-image-preview":"max-image-preview:large","max-video-preview":"max-video-preview:-1"},"canonical":"https:\/\/nathanbrami.com\/","og_locale":"en_US","og_type":"article","og_title":"Nathan Brami Architecture - Intro","og_description":"fr \/ en","og_url":"https:\/\/nathanbrami.com\/","og_site_name":"Nathan Brami Architecture","article_modified_time":"2024-01-19T11:34:26+00:00","og_image":[{"url":"http:\/\/nathanbrami.com\/wp-content\/uploads\/2023\/11\/72BC-7.jpg"}],"twitter_card":"summary_large_image","schema":{"@context":"https:\/\/schema.org","@graph":[{"@type":"WebPage","@id":"https:\/\/nathanbrami.com\/","url":"https:\/\/nathanbrami.com\/","name":"Nathan Brami Architecture - Intro","isPartOf":{"@id":"https:\/\/nathanbrami.com\/#website"},"primaryImageOfPage":{"@id":"https:\/\/nathanbrami.com\/#primaryimage"},"image":{"@id":"https:\/\/nathanbrami.com\/#primaryimage"},"thumbnailUrl":"http:\/\/nathanbrami.com\/wp-content\/uploads\/2023\/11\/72BC-7.jpg","datePublished":"2023-11-06T15:40:27+00:00","dateModified":"2024-01-19T11:34:26+00:00","breadcrumb":{"@id":"https:\/\/nathanbrami.com\/#breadcrumb"},"inLanguage":"en-US","potentialAction":[{"@type":"ReadAction","target":["https:\/\/nathanbrami.com\/"]}]},{"@type":"ImageObject","inLanguage":"en-US","@id":"https:\/\/nathanbrami.com\/#primaryimage","url":"http:\/\/nathanbrami.com\/wp-content\/uploads\/2023\/11\/72BC-7.jpg","contentUrl":"http:\/\/nathanbrami.com\/wp-content\/uploads\/2023\/11\/72BC-7.jpg"},{"@type":"BreadcrumbList","@id":"https:\/\/nathanbrami.com\/#breadcrumb","itemListElement":[{"@type":"ListItem","position":1,"name":"Accueil","item":"https:\/\/nathanbrami.com\/"},{"@type":"ListItem","position":2,"name":"Intro"}]},{"@type":"WebSite","@id":"https:\/\/nathanbrami.com\/#website","url":"https:\/\/nathanbrami.com\/","name":"Nathan Brami Architecture","description":"Official website","publisher":{"@id":"https:\/\/nathanbrami.com\/#organization"},"potentialAction":[{"@type":"SearchAction","target":{"@type":"EntryPoint","urlTemplate":"https:\/\/nathanbrami.com\/?s={search_term_string}"},"query-input":"required name=search_term_string"}],"inLanguage":"en-US"},{"@type":"Organization","@id":"https:\/\/nathanbrami.com\/#organization","name":"Nathan Brami Architecture","url":"https:\/\/nathanbrami.com\/","logo":{"@type":"ImageObject","inLanguage":"en-US","@id":"https:\/\/nathanbrami.com\/#\/schema\/logo\/image\/","url":"https:\/\/nathanbrami.com\/wp-content\/uploads\/2024\/04\/cropped-favicon-3.png","contentUrl":"https:\/\/nathanbrami.com\/wp-content\/uploads\/2024\/04\/cropped-favicon-3.png","width":512,"height":512,"caption":"Nathan Brami Architecture"},"image":{"@id":"https:\/\/nathanbrami.com\/#\/schema\/logo\/image\/"}}]}},"_links":{"self":[{"href":"https:\/\/nathanbrami.com\/en\/wp-json\/wp\/v2\/pages\/4546"}],"collection":[{"href":"https:\/\/nathanbrami.com\/en\/wp-json\/wp\/v2\/pages"}],"about":[{"href":"https:\/\/nathanbrami.com\/en\/wp-json\/wp\/v2\/types\/page"}],"author":[{"embeddable":true,"href":"https:\/\/nathanbrami.com\/en\/wp-json\/wp\/v2\/users\/1"}],"replies":[{"embeddable":true,"href":"https:\/\/nathanbrami.com\/en\/wp-json\/wp\/v2\/comments?post=4546"}],"version-history":[{"count":3,"href":"https:\/\/nathanbrami.com\/en\/wp-json\/wp\/v2\/pages\/4546\/revisions"}],"predecessor-version":[{"id":4572,"href":"https:\/\/nathanbrami.com\/en\/wp-json\/wp\/v2\/pages\/4546\/revisions\/4572"}],"wp:attachment":[{"href":"https:\/\/nathanbrami.com\/en\/wp-json\/wp\/v2\/media?parent=4546"}],"curies":[{"name":"wp","href":"https:\/\/api.w.org\/{rel}","templated":true}]}}